{"id":155,"date":"2021-09-20T10:31:25","date_gmt":"2021-09-20T10:31:25","guid":{"rendered":"https:\/\/www.kesl.es\/?page_id=155"},"modified":"2021-09-27T08:36:29","modified_gmt":"2021-09-27T08:36:29","slug":"equipo","status":"publish","type":"page","link":"http:\/\/www.kesl.es\/?page_id=155","title":{"rendered":"Equipo"},"content":{"rendered":"<p><img decoding=\"async\" width=\"640\" height=\"472\" src=\"http:\/\/www.kesl.es\/wp-content\/uploads\/2021\/09\/Imagen-3-1024x755.jpg\" alt=\"\" loading=\"lazy\" srcset=\"https:\/\/www.kesl.es\/wp-content\/uploads\/2021\/09\/Imagen-3-1024x755.jpg 1024w, https:\/\/www.kesl.es\/wp-content\/uploads\/2021\/09\/Imagen-3-300x221.jpg 300w, https:\/\/www.kesl.es\/wp-content\/uploads\/2021\/09\/Imagen-3-768x566.jpg 768w, https:\/\/www.kesl.es\/wp-content\/uploads\/2021\/09\/Imagen-3-1536x1133.jpg 1536w, https:\/\/www.kesl.es\/wp-content\/uploads\/2021\/09\/Imagen-3-850x627.jpg 850w, https:\/\/www.kesl.es\/wp-content\/uploads\/2021\/09\/Imagen-3.jpg 1665w\" sizes=\"auto, (max-width: 640px) 100vw, 640px\" \/>\t\t\t\t\t\t\t\t\t\t\t\t\t\t<\/p>\n<p style=\"font-weight: 400;\">El equipo de <strong>Kerogen Energy<\/strong> est\u00e1 formado por t\u00e9cnicos expertos tanto en exploraci\u00f3n e investigaci\u00f3n minera como en desarrollo y operaci\u00f3n de mina. Profesionales de la geolog\u00eda, la ingenier\u00eda de minas, la ingenier\u00eda mineral\u00fargica y metal\u00fargica con dilatada experiencia en la miner\u00eda nacional e internacional y en la miner\u00eda met\u00e1lica en particular.<\/p>\n<p style=\"font-weight: 400;\"><strong>Insersa<\/strong>, empresa de investigaci\u00f3n minera y operadora en proyectos tan emblem\u00e1ticos como Aguas Te\u00f1idas, Cobre Las Cruces, R\u00edo Tinto (Atalaya), etc. forma parte del equipo y aporta su conocimiento y experiencia.<\/p>\n<p>\t\t\t\t\t\t\t\t\t\t\t\t<img decoding=\"async\" width=\"275\" height=\"184\" src=\"http:\/\/www.kesl.es\/wp-content\/uploads\/2021\/09\/descarga.jpg\" alt=\"\" loading=\"lazy\" \/><\/p>\n","protected":false},"excerpt":{"rendered":"<p>El equipo de Kerogen Energy est\u00e1 formado por t\u00e9cnicos expertos tanto en exploraci\u00f3n e investigaci\u00f3n minera como en desarrollo y operaci\u00f3n de mina. Profesionales de la geolog\u00eda, la ingenier\u00eda de minas, la ingenier\u00eda mineral\u00fargica y metal\u00fargica con dilatada experiencia en la miner\u00eda nacional e internacional y en la miner\u00eda met\u00e1lica en particular. Insersa, empresa de&#8230;<\/p>\n","protected":false},"author":2,"featured_media":0,"parent":0,"menu_order":0,"comment_status":"closed","ping_status":"closed","template":"elementor_header_footer","meta":{"footnotes":""},"class_list":["post-155","page","type-page","status-publish","hentry"],"aioseo_notices":[],"_links":{"self":[{"href":"http:\/\/www.kesl.es\/index.php?rest_route=\/wp\/v2\/pages\/155","targetHints":{"allow":["GET"]}}],"collection":[{"href":"http:\/\/www.kesl.es\/index.php?rest_route=\/wp\/v2\/pages"}],"about":[{"href":"http:\/\/www.kesl.es\/index.php?rest_route=\/wp\/v2\/types\/page"}],"author":[{"embeddable":true,"href":"http:\/\/www.kesl.es\/index.php?rest_route=\/wp\/v2\/users\/2"}],"replies":[{"embeddable":true,"href":"http:\/\/www.kesl.es\/index.php?rest_route=%2Fwp%2Fv2%2Fcomments&post=155"}],"version-history":[{"count":27,"href":"http:\/\/www.kesl.es\/index.php?rest_route=\/wp\/v2\/pages\/155\/revisions"}],"predecessor-version":[{"id":632,"href":"http:\/\/www.kesl.es\/index.php?rest_route=\/wp\/v2\/pages\/155\/revisions\/632"}],"wp:attachment":[{"href":"http:\/\/www.kesl.es\/index.php?rest_route=%2Fwp%2Fv2%2Fmedia&parent=155"}],"curies":[{"name":"wp","href":"https:\/\/api.w.org\/{rel}","templated":true}]}}