{"id":156,"date":"2021-09-20T10:31:26","date_gmt":"2021-09-20T10:31:26","guid":{"rendered":"https:\/\/www.kesl.es\/?page_id=156"},"modified":"2021-09-27T13:28:30","modified_gmt":"2021-09-27T13:28:30","slug":"mision-vision-y-valores","status":"publish","type":"page","link":"http:\/\/www.kesl.es\/?page_id=156","title":{"rendered":"Misi\u00f3n, Visi\u00f3n y Valores"},"content":{"rendered":"<p><b>MISI\u00d3N<\/b><\/p>\n<p style=\"margin-left: 0cm; text-align: justify; text-indent: 0cm; mso-list: none;\">Lograr la apertura de una explotaci\u00f3n minera, segura y sostenible, asegurando la satisfacci\u00f3n de inversores, administraciones p\u00fablicas y la comunidad.<\/p>\n<p>\t\t\t\t\t\t\t\t\t\t\t\t<img decoding=\"async\" width=\"300\" height=\"195\" src=\"http:\/\/www.kesl.es\/wp-content\/uploads\/2021\/09\/IAPH_Pozo_San_Vicente-2-300x195.jpg\" alt=\"\" loading=\"lazy\" srcset=\"https:\/\/www.kesl.es\/wp-content\/uploads\/2021\/09\/IAPH_Pozo_San_Vicente-2-300x195.jpg 300w, https:\/\/www.kesl.es\/wp-content\/uploads\/2021\/09\/IAPH_Pozo_San_Vicente-2-768x500.jpg 768w, https:\/\/www.kesl.es\/wp-content\/uploads\/2021\/09\/IAPH_Pozo_San_Vicente-2.jpg 800w\" sizes=\"auto, (max-width: 300px) 100vw, 300px\" \/><br \/>\n\t\t\t\t\t\t\t\t\t\t\t\t<img decoding=\"async\" width=\"576\" height=\"864\" src=\"http:\/\/www.kesl.es\/wp-content\/uploads\/2021\/09\/IMG_341622.jpg\" alt=\"\" loading=\"lazy\" srcset=\"https:\/\/www.kesl.es\/wp-content\/uploads\/2021\/09\/IMG_341622.jpg 576w, https:\/\/www.kesl.es\/wp-content\/uploads\/2021\/09\/IMG_341622-200x300.jpg 200w\" sizes=\"auto, (max-width: 576px) 100vw, 576px\" \/>\t\t\t\t\t\t\t\t\t\t\t\t\t\t<\/p>\n<p style=\"text-align: left;\"><a>\u00a0<!--[endif]--><b>VISI\u00d3N<\/b><\/a><\/p>\n<p>Devolver el esplendor minero-industrial de anta\u00f1o al Distrito Minero de Linares mediante un proyecto minero de plomo para suministro a la transici\u00f3n energ\u00e9tica, respetando el medio ambiente, creando riqueza y oportunidades para sus accionistas, empleados y la comunidad en la que se desarrolla.<\/p>\n<p><strong>\u00a0<!--[endif]-->VALORES<\/strong><\/p>\n<p style=\"margin-left: 0cm; text-align: justify; text-indent: 0cm; mso-list: none;\">Los valores de la empresa son:<\/p>\n<ul>\n<li style=\"list-style-type: none;\">\n<ul>\n<li style=\"list-style-type: none;\">\n<ul>\n<li style=\"text-align: justify; text-indent: -18pt;\"><!-- [if !supportLists]-->\u00a0 \u00a0 Responsabilidad.<\/li>\n<li style=\"text-align: justify; text-indent: -18pt;\">\u00a0 \u00a0 Honestidad.<\/li>\n<li style=\"text-align: justify; text-indent: -18pt;\">\u00a0 \u00a0 Transparencia. <\/li>\n<li style=\"text-align: justify; text-indent: -18pt;\">\u00a0 \u00a0 Perseverancia.<\/li>\n<li style=\"text-align: justify; text-indent: -18pt;\">\u00a0 \u00a0 \u00a0 \u00a0<!--[endif]-->Compromiso.<\/li>\n<li style=\"text-align: justify; text-indent: -18pt;\">\u00a0 \u00a0 Confianza.<\/li>\n<li style=\"text-align: justify; text-indent: -18pt;\">\u00a0 \u00a0 Seguridad.<\/li>\n<li style=\"text-align: justify; text-indent: -18pt;\">\u00a0 \u00a0 Respeto Medioambiental.<\/li>\n<\/ul>\n<\/li>\n<\/ul>\n<\/li>\n<\/ul>\n<p>\t\t\t\t\t\t\t\t\t\t\t\t<img decoding=\"async\" width=\"206\" height=\"300\" src=\"http:\/\/www.kesl.es\/wp-content\/uploads\/2021\/09\/Cabria_linares2-206x300.jpg\" alt=\"\" loading=\"lazy\" srcset=\"https:\/\/www.kesl.es\/wp-content\/uploads\/2021\/09\/Cabria_linares2-206x300.jpg 206w, https:\/\/www.kesl.es\/wp-content\/uploads\/2021\/09\/Cabria_linares2.jpg 411w\" sizes=\"auto, (max-width: 206px) 100vw, 206px\" \/><\/p>\n","protected":false},"excerpt":{"rendered":"<p>MISI\u00d3N Lograr la apertura de una explotaci\u00f3n minera, segura y sostenible, asegurando la satisfacci\u00f3n de inversores, administraciones p\u00fablicas y la comunidad. \u00a0VISI\u00d3N Devolver el esplendor minero-industrial de anta\u00f1o al Distrito Minero de Linares mediante un proyecto minero de plomo para suministro a la transici\u00f3n energ\u00e9tica, respetando el medio ambiente, creando riqueza y oportunidades para sus&#8230;<\/p>\n","protected":false},"author":2,"featured_media":0,"parent":0,"menu_order":0,"comment_status":"closed","ping_status":"closed","template":"elementor_header_footer","meta":{"footnotes":""},"class_list":["post-156","page","type-page","status-publish","hentry"],"aioseo_notices":[],"_links":{"self":[{"href":"http:\/\/www.kesl.es\/index.php?rest_route=\/wp\/v2\/pages\/156","targetHints":{"allow":["GET"]}}],"collection":[{"href":"http:\/\/www.kesl.es\/index.php?rest_route=\/wp\/v2\/pages"}],"about":[{"href":"http:\/\/www.kesl.es\/index.php?rest_route=\/wp\/v2\/types\/page"}],"author":[{"embeddable":true,"href":"http:\/\/www.kesl.es\/index.php?rest_route=\/wp\/v2\/users\/2"}],"replies":[{"embeddable":true,"href":"http:\/\/www.kesl.es\/index.php?rest_route=%2Fwp%2Fv2%2Fcomments&post=156"}],"version-history":[{"count":81,"href":"http:\/\/www.kesl.es\/index.php?rest_route=\/wp\/v2\/pages\/156\/revisions"}],"predecessor-version":[{"id":763,"href":"http:\/\/www.kesl.es\/index.php?rest_route=\/wp\/v2\/pages\/156\/revisions\/763"}],"wp:attachment":[{"href":"http:\/\/www.kesl.es\/index.php?rest_route=%2Fwp%2Fv2%2Fmedia&parent=156"}],"curies":[{"name":"wp","href":"https:\/\/api.w.org\/{rel}","templated":true}]}}