{"id":157,"date":"2021-09-20T10:31:27","date_gmt":"2021-09-20T10:31:27","guid":{"rendered":"https:\/\/www.kesl.es\/?page_id=157"},"modified":"2021-09-27T08:58:54","modified_gmt":"2021-09-27T08:58:54","slug":"el-plomo","status":"publish","type":"page","link":"http:\/\/www.kesl.es\/?page_id=157","title":{"rendered":"El Plomo"},"content":{"rendered":"<p style=\"text-align: justify;\">El plomo es un metal utilizado desde la m\u00e1s remota antig\u00fcedad. Los usos finales del plomo han variado de forma dr\u00e1stica en lo que va de siglo. Usos cl\u00e1sicos, como la fontaner\u00eda, la plancha para industrias qu\u00edmicas y para la construcci\u00f3n, las pinturas y los pigmentos, los cables el\u00e9ctricos, etc., han retrocedido de forma sensible. En la gasolina la utilizaci\u00f3n del plomo desapareci\u00f3 completamente del mundo en septiembre de 2021.<\/p>\n<p style=\"text-align: justify;\">La realidad es que hay usos muy especiales del plomo, que le hacen indispensable o dif\u00edcilmente sustituible como entre otros:<\/p>\n<ul>\n<li>Bater\u00edas para automoci\u00f3n, tracci\u00f3n, industriales, servicios continuos y de seguridad, energ\u00eda solar, etc. (85.1%).<\/li>\n<li>Pigmentos y otros productos (5,5%).<\/li>\n<li>Productos laminados y extruidos (3,6%).<\/li>\n<li>Munici\u00f3n (1,4%).<\/li>\n<li>Aleaciones (1,3%).<\/li>\n<li>Revestimiento de cables (0,9%).<\/li>\n<li>Otros (2,2%):\n<ul>\n<li style=\"list-style-type: none;\">\n<ul>\n<li style=\"list-style-type: none;\">\n<ul>\n<li>Protecci\u00f3n contra radiaciones de todo tipo.<\/li>\n<li>Vidrios especiales, para aplicaciones t\u00e9cnicas o art\u00edsticas.<\/li>\n<li>Protecci\u00f3n contra la humedad, cubiertas y techumbres.<\/li>\n<li>Soldadura, revestimientos, protecci\u00f3n de superficies, etc.<\/li>\n<\/ul>\n<\/li>\n<\/ul>\n<\/li>\n<\/ul>\n<\/li>\n<\/ul>\n<p>\t\t\t\t\t\t\t\t\t\t\t\t<img decoding=\"async\" width=\"640\" height=\"427\" src=\"http:\/\/www.kesl.es\/wp-content\/uploads\/2021\/09\/7512460058_0156d16425_b.jpg\" alt=\"\" loading=\"lazy\" srcset=\"https:\/\/www.kesl.es\/wp-content\/uploads\/2021\/09\/7512460058_0156d16425_b.jpg 1024w, https:\/\/www.kesl.es\/wp-content\/uploads\/2021\/09\/7512460058_0156d16425_b-300x200.jpg 300w, https:\/\/www.kesl.es\/wp-content\/uploads\/2021\/09\/7512460058_0156d16425_b-768x512.jpg 768w\" sizes=\"auto, (max-width: 640px) 100vw, 640px\" \/><br \/>\n\t\t\t\t\t\t\t\t\t\t\t\t<img decoding=\"async\" width=\"427\" height=\"320\" src=\"http:\/\/www.kesl.es\/wp-content\/uploads\/2021\/09\/electric-car-load-electricity-electric-transport-loading-thumbnail.jpg\" alt=\"\" loading=\"lazy\" srcset=\"https:\/\/www.kesl.es\/wp-content\/uploads\/2021\/09\/electric-car-load-electricity-electric-transport-loading-thumbnail.jpg 427w, https:\/\/www.kesl.es\/wp-content\/uploads\/2021\/09\/electric-car-load-electricity-electric-transport-loading-thumbnail-300x225.jpg 300w\" sizes=\"auto, (max-width: 427px) 100vw, 427px\" \/>\t\t\t\t\t\t\t\t\t\t\t\t\t\t<\/p>\n<p>MATERIA PRIMA CR\u00cdTICA<\/p>\n<p>El plomo es considerado una materia prima cr\u00edtica por la Uni\u00f3n Europea y prioritaria en Espa\u00f1a por el <em>Real Decreto 647\/2002, de 5 de julio, por el que se declaran las materias primas minerales y actividades con ellas relacionadas, calificadas como prioritarias a efectos de lo previsto en la Ley 43\/1995, de 27 de diciembre, del Impuesto sobre Sociedades<\/em>.<\/p>\n","protected":false},"excerpt":{"rendered":"<p>El plomo es un metal utilizado desde la m\u00e1s remota antig\u00fcedad. Los usos finales del plomo han variado de forma dr\u00e1stica en lo que va de siglo. Usos cl\u00e1sicos, como la fontaner\u00eda, la plancha para industrias qu\u00edmicas y para la construcci\u00f3n, las pinturas y los pigmentos, los cables el\u00e9ctricos, etc., han retrocedido de forma sensible&#8230;.<\/p>\n","protected":false},"author":2,"featured_media":0,"parent":0,"menu_order":0,"comment_status":"closed","ping_status":"closed","template":"elementor_header_footer","meta":{"footnotes":""},"class_list":["post-157","page","type-page","status-publish","hentry"],"aioseo_notices":[],"_links":{"self":[{"href":"http:\/\/www.kesl.es\/index.php?rest_route=\/wp\/v2\/pages\/157","targetHints":{"allow":["GET"]}}],"collection":[{"href":"http:\/\/www.kesl.es\/index.php?rest_route=\/wp\/v2\/pages"}],"about":[{"href":"http:\/\/www.kesl.es\/index.php?rest_route=\/wp\/v2\/types\/page"}],"author":[{"embeddable":true,"href":"http:\/\/www.kesl.es\/index.php?rest_route=\/wp\/v2\/users\/2"}],"replies":[{"embeddable":true,"href":"http:\/\/www.kesl.es\/index.php?rest_route=%2Fwp%2Fv2%2Fcomments&post=157"}],"version-history":[{"count":37,"href":"http:\/\/www.kesl.es\/index.php?rest_route=\/wp\/v2\/pages\/157\/revisions"}],"predecessor-version":[{"id":723,"href":"http:\/\/www.kesl.es\/index.php?rest_route=\/wp\/v2\/pages\/157\/revisions\/723"}],"wp:attachment":[{"href":"http:\/\/www.kesl.es\/index.php?rest_route=%2Fwp%2Fv2%2Fmedia&parent=157"}],"curies":[{"name":"wp","href":"https:\/\/api.w.org\/{rel}","templated":true}]}}