{"id":158,"date":"2021-09-20T10:31:27","date_gmt":"2021-09-20T10:31:27","guid":{"rendered":"https:\/\/www.kesl.es\/?page_id=158"},"modified":"2021-09-27T08:59:59","modified_gmt":"2021-09-27T08:59:59","slug":"linares-land-of-lead","status":"publish","type":"page","link":"http:\/\/www.kesl.es\/?page_id=158","title":{"rendered":"Linares land of lead"},"content":{"rendered":"<p>Linares ha sido hist\u00f3ricamente una comarca que ha vivido de la miner\u00eda, que supuso siempre la principal fuente de riqueza. Los siglos de miner\u00eda han dejado su impronta en la cultura y la sociedad local.<\/p>\n<p>Los yacimientos mineros no son deslocalizables y por ello generan riqueza donde se encuentran. Son una oportunidad de futuro, deteniendo la despoblaci\u00f3n y fijando poblaci\u00f3n.<\/p>\n<p>\u00a0<\/p>\n<p>\t\t\t\t\t\t\t\t\t\t\t\t<img decoding=\"async\" width=\"179\" height=\"282\" src=\"http:\/\/www.kesl.es\/wp-content\/uploads\/2021\/09\/images-1.jpg\" alt=\"\" loading=\"lazy\" \/><br \/>\n\t\t\t\t\t\t\t\t\t\t\t\t<img decoding=\"async\" width=\"282\" height=\"179\" src=\"http:\/\/www.kesl.es\/wp-content\/uploads\/2021\/09\/images-2.jpg\" alt=\"\" loading=\"lazy\" \/><br \/>\n\t\t\t\t\t\t\t\t\t\t\t\t<img decoding=\"async\" width=\"306\" height=\"165\" src=\"http:\/\/www.kesl.es\/wp-content\/uploads\/2021\/09\/descarga-4.jpg\" alt=\"\" loading=\"lazy\" srcset=\"https:\/\/www.kesl.es\/wp-content\/uploads\/2021\/09\/descarga-4.jpg 306w, https:\/\/www.kesl.es\/wp-content\/uploads\/2021\/09\/descarga-4-300x162.jpg 300w\" sizes=\"auto, (max-width: 306px) 100vw, 306px\" \/><br \/>\n\t\t\t\t\t\t\t\t\t\t\t\t<img decoding=\"async\" width=\"320\" height=\"320\" src=\"http:\/\/www.kesl.es\/wp-content\/uploads\/2021\/09\/Linares-Lead-Mining-Company-Ltd-Pozo-Ancho-mine-The-photograph-was-taken-towards-the_Q320.jpg\" alt=\"\" loading=\"lazy\" srcset=\"https:\/\/www.kesl.es\/wp-content\/uploads\/2021\/09\/Linares-Lead-Mining-Company-Ltd-Pozo-Ancho-mine-The-photograph-was-taken-towards-the_Q320.jpg 320w, https:\/\/www.kesl.es\/wp-content\/uploads\/2021\/09\/Linares-Lead-Mining-Company-Ltd-Pozo-Ancho-mine-The-photograph-was-taken-towards-the_Q320-300x300.jpg 300w, https:\/\/www.kesl.es\/wp-content\/uploads\/2021\/09\/Linares-Lead-Mining-Company-Ltd-Pozo-Ancho-mine-The-photograph-was-taken-towards-the_Q320-150x150.jpg 150w, https:\/\/www.kesl.es\/wp-content\/uploads\/2021\/09\/Linares-Lead-Mining-Company-Ltd-Pozo-Ancho-mine-The-photograph-was-taken-towards-the_Q320-100x100.jpg 100w\" sizes=\"auto, (max-width: 320px) 100vw, 320px\" \/><\/p>\n","protected":false},"excerpt":{"rendered":"<p>Linares ha sido hist\u00f3ricamente una comarca que ha vivido de la miner\u00eda, que supuso siempre la principal fuente de riqueza. Los siglos de miner\u00eda han dejado su impronta en la cultura y la sociedad local. Los yacimientos mineros no son deslocalizables y por ello generan riqueza donde se encuentran. Son una oportunidad de futuro, deteniendo&#8230;<\/p>\n","protected":false},"author":2,"featured_media":0,"parent":0,"menu_order":0,"comment_status":"closed","ping_status":"closed","template":"elementor_header_footer","meta":{"footnotes":""},"class_list":["post-158","page","type-page","status-publish","hentry"],"aioseo_notices":[],"_links":{"self":[{"href":"http:\/\/www.kesl.es\/index.php?rest_route=\/wp\/v2\/pages\/158","targetHints":{"allow":["GET"]}}],"collection":[{"href":"http:\/\/www.kesl.es\/index.php?rest_route=\/wp\/v2\/pages"}],"about":[{"href":"http:\/\/www.kesl.es\/index.php?rest_route=\/wp\/v2\/types\/page"}],"author":[{"embeddable":true,"href":"http:\/\/www.kesl.es\/index.php?rest_route=\/wp\/v2\/users\/2"}],"replies":[{"embeddable":true,"href":"http:\/\/www.kesl.es\/index.php?rest_route=%2Fwp%2Fv2%2Fcomments&post=158"}],"version-history":[{"count":22,"href":"http:\/\/www.kesl.es\/index.php?rest_route=\/wp\/v2\/pages\/158\/revisions"}],"predecessor-version":[{"id":726,"href":"http:\/\/www.kesl.es\/index.php?rest_route=\/wp\/v2\/pages\/158\/revisions\/726"}],"wp:attachment":[{"href":"http:\/\/www.kesl.es\/index.php?rest_route=%2Fwp%2Fv2%2Fmedia&parent=158"}],"curies":[{"name":"wp","href":"https:\/\/api.w.org\/{rel}","templated":true}]}}