{"id":175,"date":"2021-09-20T10:35:09","date_gmt":"2021-09-20T10:35:09","guid":{"rendered":"https:\/\/www.kesl.es\/?page_id=175"},"modified":"2021-09-27T09:03:37","modified_gmt":"2021-09-27T09:03:37","slug":"nuevo-linares","status":"publish","type":"page","link":"http:\/\/www.kesl.es\/?page_id=175","title":{"rendered":"\u00abNuevo Linares\u00bb"},"content":{"rendered":"<p>El permiso de investigaci\u00f3n \u201cNuevo Linares\u201d ocupa una superficie de 168 cuadr\u00edculas mineras en los t\u00e9rminos municipales de Guarrom\u00e1n, Bail\u00e9n y Linares (Ja\u00e9n). El proyecto de investigaci\u00f3n contempla una serie de actividades destinadas a la localizaci\u00f3n y evaluaci\u00f3n de recursos minerales de galena. Estas actividades son:<\/p>\n<ul>\n<li style=\"list-style-type: none;\">\n<ul>\n<li style=\"list-style-type: none;\">\n<ul>\n<li>Recopilaci\u00f3n de documentaci\u00f3n cient\u00edfica y t\u00e9cnica existente.<\/li>\n<li>Reconocimientos de campo y levantamientos cartogr\u00e1ficos.<\/li>\n<li>Perforaciones para toma de muestras.<\/li>\n<li>An\u00e1lisis de muestras en laboratorio.<\/li>\n<\/ul>\n<\/li>\n<\/ul>\n<\/li>\n<\/ul>\n<p>De la documentaci\u00f3n consultada podr\u00edan existir unos recursos de 11 millones de toneladas de mineral con un contenido en plomo metal en torno a las 500.000 t. Los trabajos de investigaci\u00f3n buscar\u00e1n localizar y ratificar estos valores y localizar nuevos yacimientos.<\/p>\n<p>\t\t\t\t\t\t\t\t\t\t\t\t<img decoding=\"async\" src=\"https:\/\/www.kesl.es\/wp-content\/plugins\/elementor\/assets\/images\/placeholder.png\" title=\"\" alt=\"\" \/><br \/>\n\t\t\t\t\t\t\t\t\t\t\t\t<img decoding=\"async\" src=\"https:\/\/www.kesl.es\/wp-content\/plugins\/elementor\/assets\/images\/placeholder.png\" title=\"\" alt=\"\" \/><br \/>\n\t\t\t\t\t\t\t\t\t\t\t\t<img decoding=\"async\" src=\"https:\/\/www.kesl.es\/wp-content\/plugins\/elementor\/assets\/images\/placeholder.png\" title=\"\" alt=\"\" \/><br \/>\n\t\t\t<iframe frameborder=\"0\" scrolling=\"no\" marginheight=\"0\" marginwidth=\"0\"\n\t\t\t\t\tsrc=\"https:\/\/maps.google.com\/maps?q=Linares&#038;t=m&#038;z=11&#038;output=embed&#038;iwloc=near\"\n\t\t\t\t\ttitle=\"Linares\"\n\t\t\t\t\taria-label=\"Linares\"\n\t\t\t><\/iframe><\/p>\n","protected":false},"excerpt":{"rendered":"<p>El permiso de investigaci\u00f3n \u201cNuevo Linares\u201d ocupa una superficie de 168 cuadr\u00edculas mineras en los t\u00e9rminos municipales de Guarrom\u00e1n, Bail\u00e9n y Linares (Ja\u00e9n). El proyecto de investigaci\u00f3n contempla una serie de actividades destinadas a la localizaci\u00f3n y evaluaci\u00f3n de recursos minerales de galena. Estas actividades son: Recopilaci\u00f3n de documentaci\u00f3n cient\u00edfica y t\u00e9cnica existente. Reconocimientos de&#8230;<\/p>\n","protected":false},"author":2,"featured_media":0,"parent":0,"menu_order":0,"comment_status":"closed","ping_status":"closed","template":"elementor_header_footer","meta":{"footnotes":""},"class_list":["post-175","page","type-page","status-publish","hentry"],"aioseo_notices":[],"_links":{"self":[{"href":"http:\/\/www.kesl.es\/index.php?rest_route=\/wp\/v2\/pages\/175","targetHints":{"allow":["GET"]}}],"collection":[{"href":"http:\/\/www.kesl.es\/index.php?rest_route=\/wp\/v2\/pages"}],"about":[{"href":"http:\/\/www.kesl.es\/index.php?rest_route=\/wp\/v2\/types\/page"}],"author":[{"embeddable":true,"href":"http:\/\/www.kesl.es\/index.php?rest_route=\/wp\/v2\/users\/2"}],"replies":[{"embeddable":true,"href":"http:\/\/www.kesl.es\/index.php?rest_route=%2Fwp%2Fv2%2Fcomments&post=175"}],"version-history":[{"count":22,"href":"http:\/\/www.kesl.es\/index.php?rest_route=\/wp\/v2\/pages\/175\/revisions"}],"predecessor-version":[{"id":730,"href":"http:\/\/www.kesl.es\/index.php?rest_route=\/wp\/v2\/pages\/175\/revisions\/730"}],"wp:attachment":[{"href":"http:\/\/www.kesl.es\/index.php?rest_route=%2Fwp%2Fv2%2Fmedia&parent=175"}],"curies":[{"name":"wp","href":"https:\/\/api.w.org\/{rel}","templated":true}]}}