{"id":179,"date":"2021-09-20T10:35:39","date_gmt":"2021-09-20T10:35:39","guid":{"rendered":"https:\/\/www.kesl.es\/?page_id=179"},"modified":"2021-09-27T08:51:34","modified_gmt":"2021-09-27T08:51:34","slug":"sostenibilidad","status":"publish","type":"page","link":"http:\/\/www.kesl.es\/?page_id=179","title":{"rendered":"Sostenibilidad"},"content":{"rendered":"<p><strong>INDISPENSABLE PARA LA TRANSICI\u00d3N ENERG\u00c9TICA<\/strong><\/p>\n<p>La lucha contra el cambio clim\u00e1tico pasa por la descarbonizaci\u00f3n de la econom\u00eda, para lo cual las energ\u00edas renovables y la movilidad el\u00e9ctrica son el principal arma del que se dispone. Sin embargo las energ\u00edas renovables tienen un h\u00e1ndicap importante que es su intermitencia, que podr\u00eda solucionarse mediante tecnolog\u00edas de almacenamiento energ\u00e9tico. El plomo es un metal indispensable para estas tecnolog\u00edas y de hecho el 85% de la producci\u00f3n de este elemento se usa con este fin.<\/p>\n<p>El desarrollo del almacenamiento energ\u00e9tico a gran escala, que est\u00e1 actualmente en sus inicios, reclamar\u00e1 una gran cantidad de plomo.<\/p>\n<h2><b>Sin plomo, la transici\u00f3n energ\u00e9tica no ser\u00e1 posible.<\/b><\/h2>\n<p>\u00a0<\/p>\n<p><strong>LA MINER\u00cdA NO EST\u00c1 RE\u00d1IDA CON EL MEDIOAMBIENTE<\/strong><\/p>\n<p>Actualmente la miner\u00eda tiene integrada en sus dise\u00f1os, procedimientos y desarrollos el Medio Ambiente como un factor clave, no consider\u00e1ndose un proyecto como viable si no cumple los actuales est\u00e1ndares de compatibilidad ambiental. Es lo que se denomina Miner\u00eda del siglo XXI.<\/p>\n<p>En particular las actividades de investigaci\u00f3n no tienen afecci\u00f3n alguna, ya que la toma de datos suele hacerse por mediciones de los par\u00e1metros naturales (geof\u00edsica, cartograf\u00eda) sin modificaci\u00f3n alguna del terreno. En el caso de los sondeos la afecci\u00f3n no es mayor que la de cualquier m\u00e1quina agr\u00edcola haciendo un peque\u00f1o trabajo, con la ventaja a\u00f1adida que a la terminaci\u00f3n de cualquier actuaci\u00f3n de este tipo, se procede a la restauraci\u00f3n del punto de actuaci\u00f3n devolviendo el terreno a su estado original.<\/p>\n<p><strong>SIN MINER\u00cdA NO HAY ESTADO DE BIENESTAR<\/strong><\/p>\n<p>La miner\u00eda es la base de nuestra civilizaci\u00f3n ya que todo lo que nos hace la vida f\u00e1cil proviene de la miner\u00eda y el estado y la sociedad necesitan de ella para cubrir todas las necesidades materiales.<\/p>\n<p>\t\t\t\t\t\t\t\t\t\t\t\t<img decoding=\"async\" src=\"https:\/\/www.kesl.es\/wp-content\/plugins\/elementor\/assets\/images\/placeholder.png\" title=\"\" alt=\"\" \/><br \/>\n\t\t\t\t\t\t\t\t\t\t\t\t<img decoding=\"async\" src=\"https:\/\/www.kesl.es\/wp-content\/plugins\/elementor\/assets\/images\/placeholder.png\" title=\"\" alt=\"\" \/><br \/>\n\t\t\t\t\t\t\t\t\t\t\t\t<img decoding=\"async\" src=\"https:\/\/www.kesl.es\/wp-content\/plugins\/elementor\/assets\/images\/placeholder.png\" title=\"\" alt=\"\" \/><\/p>\n","protected":false},"excerpt":{"rendered":"<p>INDISPENSABLE PARA LA TRANSICI\u00d3N ENERG\u00c9TICA La lucha contra el cambio clim\u00e1tico pasa por la descarbonizaci\u00f3n de la econom\u00eda, para lo cual las energ\u00edas renovables y la movilidad el\u00e9ctrica son el principal arma del que se dispone. Sin embargo las energ\u00edas renovables tienen un h\u00e1ndicap importante que es su intermitencia, que podr\u00eda solucionarse mediante tecnolog\u00edas de&#8230;<\/p>\n","protected":false},"author":2,"featured_media":0,"parent":0,"menu_order":0,"comment_status":"closed","ping_status":"closed","template":"elementor_header_footer","meta":{"footnotes":""},"class_list":["post-179","page","type-page","status-publish","hentry"],"aioseo_notices":[],"_links":{"self":[{"href":"http:\/\/www.kesl.es\/index.php?rest_route=\/wp\/v2\/pages\/179","targetHints":{"allow":["GET"]}}],"collection":[{"href":"http:\/\/www.kesl.es\/index.php?rest_route=\/wp\/v2\/pages"}],"about":[{"href":"http:\/\/www.kesl.es\/index.php?rest_route=\/wp\/v2\/types\/page"}],"author":[{"embeddable":true,"href":"http:\/\/www.kesl.es\/index.php?rest_route=\/wp\/v2\/users\/2"}],"replies":[{"embeddable":true,"href":"http:\/\/www.kesl.es\/index.php?rest_route=%2Fwp%2Fv2%2Fcomments&post=179"}],"version-history":[{"count":51,"href":"http:\/\/www.kesl.es\/index.php?rest_route=\/wp\/v2\/pages\/179\/revisions"}],"predecessor-version":[{"id":696,"href":"http:\/\/www.kesl.es\/index.php?rest_route=\/wp\/v2\/pages\/179\/revisions\/696"}],"wp:attachment":[{"href":"http:\/\/www.kesl.es\/index.php?rest_route=%2Fwp%2Fv2%2Fmedia&parent=179"}],"curies":[{"name":"wp","href":"https:\/\/api.w.org\/{rel}","templated":true}]}}