{"id":243,"date":"2021-09-20T11:34:44","date_gmt":"2021-09-20T11:34:44","guid":{"rendered":"https:\/\/www.kesl.es\/?page_id=243"},"modified":"2021-09-27T09:07:16","modified_gmt":"2021-09-27T09:07:16","slug":"historia","status":"publish","type":"page","link":"http:\/\/www.kesl.es\/?page_id=243","title":{"rendered":"Historia"},"content":{"rendered":"<p style=\"text-align: justify;\">El proyecto de plomo de Linares que desarrolla <b>KEROGEN ENERGY<\/b> se viene explotando desde la prehistoria, con gran importancia durante la \u00e9poca romana.\u00a0<\/p>\n<p style=\"text-align: justify;\">De todos es sabida la gran importancia que tuvo la miner\u00eda del plomo en el distrito de Linares a lo largo de los siglos XIX y XX, donde lleg\u00f3 a ser el principal centro mundial de producci\u00f3n de plomo a finales del siglo XIX y comienzos del XX, alcanz\u00e1ndose, junto con el vecino distrito de la Sierra de La Carolina, la cifra record de 143.941 tm de galena en el a\u00f1o 1913, algo m\u00e1s de 100.000 tm de Pb metal contenido.\u00a0<\/p>\n<p style=\"text-align: justify;\">Desde entonces la actividad minera ha permanecido ininterrumpida, con altibajos, hasta 1991 cuando cerr\u00f3 la \u00faltima mina del distrito, la mina de El Cobre, explotada por Minas de La Cruz.<\/p>\n<p>\t\t\t\t\t\t\t\t\t\t\t\t<img decoding=\"async\" width=\"300\" height=\"210\" src=\"http:\/\/www.kesl.es\/wp-content\/uploads\/2021\/09\/TS_Hispanica_Hayes_132_de_Castulo_M.A.N._1969-33-1_01-300x210.jpg\" alt=\"\" loading=\"lazy\" srcset=\"https:\/\/www.kesl.es\/wp-content\/uploads\/2021\/09\/TS_Hispanica_Hayes_132_de_Castulo_M.A.N._1969-33-1_01-300x210.jpg 300w, https:\/\/www.kesl.es\/wp-content\/uploads\/2021\/09\/TS_Hispanica_Hayes_132_de_Castulo_M.A.N._1969-33-1_01-1024x715.jpg 1024w, https:\/\/www.kesl.es\/wp-content\/uploads\/2021\/09\/TS_Hispanica_Hayes_132_de_Castulo_M.A.N._1969-33-1_01-768x536.jpg 768w, https:\/\/www.kesl.es\/wp-content\/uploads\/2021\/09\/TS_Hispanica_Hayes_132_de_Castulo_M.A.N._1969-33-1_01-1536x1073.jpg 1536w, https:\/\/www.kesl.es\/wp-content\/uploads\/2021\/09\/TS_Hispanica_Hayes_132_de_Castulo_M.A.N._1969-33-1_01-2048x1430.jpg 2048w\" sizes=\"auto, (max-width: 300px) 100vw, 300px\" \/><br \/>\n\t\t\t\t\t\t\t\t\t\t\t\t<img decoding=\"async\" width=\"640\" height=\"523\" src=\"http:\/\/www.kesl.es\/wp-content\/uploads\/2021\/09\/16482674773_d6eee88ed1_b-768x627.jpg\" alt=\"\" loading=\"lazy\" srcset=\"https:\/\/www.kesl.es\/wp-content\/uploads\/2021\/09\/16482674773_d6eee88ed1_b-768x627.jpg 768w, https:\/\/www.kesl.es\/wp-content\/uploads\/2021\/09\/16482674773_d6eee88ed1_b-300x245.jpg 300w, https:\/\/www.kesl.es\/wp-content\/uploads\/2021\/09\/16482674773_d6eee88ed1_b.jpg 1024w\" sizes=\"auto, (max-width: 640px) 100vw, 640px\" \/><\/p>\n","protected":false},"excerpt":{"rendered":"<p>El proyecto de plomo de Linares que desarrolla KEROGEN ENERGY se viene explotando desde la prehistoria, con gran importancia durante la \u00e9poca romana.\u00a0 De todos es sabida la gran importancia que tuvo la miner\u00eda del plomo en el distrito de Linares a lo largo de los siglos XIX y XX, donde lleg\u00f3 a ser el&#8230;<\/p>\n","protected":false},"author":2,"featured_media":0,"parent":0,"menu_order":0,"comment_status":"closed","ping_status":"closed","template":"elementor_header_footer","meta":{"footnotes":""},"class_list":["post-243","page","type-page","status-publish","hentry"],"aioseo_notices":[],"_links":{"self":[{"href":"http:\/\/www.kesl.es\/index.php?rest_route=\/wp\/v2\/pages\/243","targetHints":{"allow":["GET"]}}],"collection":[{"href":"http:\/\/www.kesl.es\/index.php?rest_route=\/wp\/v2\/pages"}],"about":[{"href":"http:\/\/www.kesl.es\/index.php?rest_route=\/wp\/v2\/types\/page"}],"author":[{"embeddable":true,"href":"http:\/\/www.kesl.es\/index.php?rest_route=\/wp\/v2\/users\/2"}],"replies":[{"embeddable":true,"href":"http:\/\/www.kesl.es\/index.php?rest_route=%2Fwp%2Fv2%2Fcomments&post=243"}],"version-history":[{"count":49,"href":"http:\/\/www.kesl.es\/index.php?rest_route=\/wp\/v2\/pages\/243\/revisions"}],"predecessor-version":[{"id":742,"href":"http:\/\/www.kesl.es\/index.php?rest_route=\/wp\/v2\/pages\/243\/revisions\/742"}],"wp:attachment":[{"href":"http:\/\/www.kesl.es\/index.php?rest_route=%2Fwp%2Fv2%2Fmedia&parent=243"}],"curies":[{"name":"wp","href":"https:\/\/api.w.org\/{rel}","templated":true}]}}