{"id":343,"date":"2021-09-20T14:15:43","date_gmt":"2021-09-20T14:15:43","guid":{"rendered":"https:\/\/www.kesl.es\/?page_id=343"},"modified":"2021-09-27T09:49:34","modified_gmt":"2021-09-27T09:49:34","slug":"quienes-somos","status":"publish","type":"page","link":"http:\/\/www.kesl.es\/?page_id=343","title":{"rendered":"Qui\u00e9nes somos"},"content":{"rendered":"<p><strong>KEROGEN ENERGY, S.L.<\/strong>\u00a0es una empresa minera de capital netamente espa\u00f1ol. El objetivo de la empresa es la exploraci\u00f3n e investigaci\u00f3n de los yacimientos de plomo del hist\u00f3rico Distrito Minero de Linares con el fin de ponerlo en valor, identificando y evaluando tanto los filones en su d\u00eda abandonados como los no suficientemente estudiados. Todo ello con el fin de desarrollar un proyecto de explotaci\u00f3n minera y ponerlo en producci\u00f3n.<\/p>\n<p>\t\t\t\t\t\t\t\t\t\t\t\t<img decoding=\"async\" width=\"400\" height=\"300\" src=\"http:\/\/www.kesl.es\/wp-content\/uploads\/2021\/09\/CHRISTENSEN-CT-20.jpg\" alt=\"\" loading=\"lazy\" srcset=\"https:\/\/www.kesl.es\/wp-content\/uploads\/2021\/09\/CHRISTENSEN-CT-20.jpg 400w, https:\/\/www.kesl.es\/wp-content\/uploads\/2021\/09\/CHRISTENSEN-CT-20-300x225.jpg 300w\" sizes=\"auto, (max-width: 400px) 100vw, 400px\" \/><br \/>\n\t\t\t<a href=\"https:\/\/www.kesl.es\/?page_id=14\" role=\"button\" id=\"Contactar\"><br \/>\n\t\t\t\t\t\tContactar<br \/>\n\t\t\t\t\t<\/a><\/p>\n","protected":false},"excerpt":{"rendered":"<p>KEROGEN ENERGY, S.L.\u00a0es una empresa minera de capital netamente espa\u00f1ol. El objetivo de la empresa es la exploraci\u00f3n e investigaci\u00f3n de los yacimientos de plomo del hist\u00f3rico Distrito Minero de Linares con el fin de ponerlo en valor, identificando y evaluando tanto los filones en su d\u00eda abandonados como los no suficientemente estudiados. Todo ello&#8230;<\/p>\n","protected":false},"author":2,"featured_media":0,"parent":0,"menu_order":0,"comment_status":"closed","ping_status":"closed","template":"elementor_header_footer","meta":{"footnotes":""},"class_list":["post-343","page","type-page","status-publish","hentry"],"aioseo_notices":[],"_links":{"self":[{"href":"http:\/\/www.kesl.es\/index.php?rest_route=\/wp\/v2\/pages\/343","targetHints":{"allow":["GET"]}}],"collection":[{"href":"http:\/\/www.kesl.es\/index.php?rest_route=\/wp\/v2\/pages"}],"about":[{"href":"http:\/\/www.kesl.es\/index.php?rest_route=\/wp\/v2\/types\/page"}],"author":[{"embeddable":true,"href":"http:\/\/www.kesl.es\/index.php?rest_route=\/wp\/v2\/users\/2"}],"replies":[{"embeddable":true,"href":"http:\/\/www.kesl.es\/index.php?rest_route=%2Fwp%2Fv2%2Fcomments&post=343"}],"version-history":[{"count":32,"href":"http:\/\/www.kesl.es\/index.php?rest_route=\/wp\/v2\/pages\/343\/revisions"}],"predecessor-version":[{"id":760,"href":"http:\/\/www.kesl.es\/index.php?rest_route=\/wp\/v2\/pages\/343\/revisions\/760"}],"wp:attachment":[{"href":"http:\/\/www.kesl.es\/index.php?rest_route=%2Fwp%2Fv2%2Fmedia&parent=343"}],"curies":[{"name":"wp","href":"https:\/\/api.w.org\/{rel}","templated":true}]}}